{"id":1762,"date":"2025-12-30T22:44:21","date_gmt":"2025-12-30T22:44:21","guid":{"rendered":"https:\/\/nuevo.somosbaru.org\/?page_id=1762"},"modified":"2026-01-21T19:38:32","modified_gmt":"2026-01-21T19:38:32","slug":"nuestra-naturaleza","status":"publish","type":"page","link":"https:\/\/nuevo.somosbaru.org\/en\/nuestra-naturaleza\/","title":{"rendered":"Nuestra Naturaleza"},"content":{"rendered":"<div data-elementor-type=\"wp-page\" data-elementor-id=\"1762\" class=\"elementor elementor-1762\" data-elementor-post-type=\"page\">\n\t\t\t\t<div class=\"elementor-element elementor-element-29e0100 e-flex e-con-boxed e-con e-parent\" data-id=\"29e0100\" data-element_type=\"container\" data-e-type=\"container\" data-settings=\"{&quot;background_background&quot;:&quot;classic&quot;}\">\n\t\t\t\t\t<div class=\"e-con-inner\">\n\t\t\t\t<div class=\"elementor-element elementor-element-a696ad3 elementor-widget elementor-widget-heading\" data-id=\"a696ad3\" data-element_type=\"widget\" data-e-type=\"widget\" data-widget_type=\"heading.default\">\n\t\t\t\t\t<h2 class=\"elementor-heading-title elementor-size-default\">OUR SURROUNDINGS<\/h2>\t\t\t\t<\/div>\n\t\t\t\t\t<\/div>\n\t\t\t\t<\/div>\n\t\t<div class=\"elementor-element elementor-element-0a14c9c e-flex e-con-boxed e-con e-parent\" data-id=\"0a14c9c\" data-element_type=\"container\" data-e-type=\"container\">\n\t\t\t\t\t<div class=\"e-con-inner\">\n\t\t<div class=\"elementor-element elementor-element-8f3fd2a e-con-full e-flex e-con e-child\" data-id=\"8f3fd2a\" data-element_type=\"container\" data-e-type=\"container\">\n\t\t\t\t<div class=\"elementor-element elementor-element-a3066ab elementor-widget elementor-widget-image\" data-id=\"a3066ab\" data-element_type=\"widget\" data-e-type=\"widget\" data-widget_type=\"image.default\">\n\t\t\t\t\t\t\t\t\t\t\t\t\t\t\t<img decoding=\"async\" width=\"128\" height=\"116\" src=\"https:\/\/nuevo.somosbaru.org\/wp-content\/uploads\/2025\/12\/icono-huella-somos-baru-verde-hojas.svg\" class=\"attachment-full size-full wp-image-1778\" alt=\"\u00cdcono de huella amarilla de Somos Bar\u00fa\" \/>\t\t\t\t\t\t\t\t\t\t\t\t\t\t\t<\/div>\n\t\t\t\t<div class=\"elementor-element elementor-element-8b8b542 elementor-widget__width-initial elementor-widget elementor-widget-heading\" data-id=\"8b8b542\" data-element_type=\"widget\" data-e-type=\"widget\" data-widget_type=\"heading.default\">\n\t\t\t\t\t<h3 class=\"elementor-heading-title elementor-size-default\">Caring for Bar\u00fa\u2019s territory by protecting ecosystems, promoting environmental awareness, and supporting sustainable development<\/h3>\t\t\t\t<\/div>\n\t\t\t\t<div class=\"elementor-element elementor-element-051d655 elementor-widget__width-initial elementor-widget elementor-widget-text-editor\" data-id=\"051d655\" data-element_type=\"widget\" data-e-type=\"widget\" data-widget_type=\"text-editor.default\">\n\t\t\t\t\t\t\t\t\t<p>Through our community actions, we promote responsible practices that reduce environmental impact and strengthen the care of our surroundings. We organize cleanup days, environmental education, and training on proper waste management with the villagers.<\/p><p>This  creates sustainable habits that protect mangroves, beaches, and ecosystems, ensuring a balance between community development and the conservation of the territory.<\/p>\t\t\t\t\t\t\t\t<\/div>\n\t\t\t\t<\/div>\n\t\t<div class=\"elementor-element elementor-element-23864f4 e-con-full e-flex e-con e-child\" data-id=\"23864f4\" data-element_type=\"container\" data-e-type=\"container\">\n\t\t\t\t<div class=\"elementor-element elementor-element-c79128c elementor-widget elementor-widget-image\" data-id=\"c79128c\" data-element_type=\"widget\" data-e-type=\"widget\" data-widget_type=\"image.default\">\n\t\t\t\t\t\t\t\t\t\t\t\t\t\t\t<img fetchpriority=\"high\" decoding=\"async\" width=\"563\" height=\"511\" src=\"https:\/\/nuevo.somosbaru.org\/wp-content\/uploads\/2026\/01\/proteccion-ecosistemas-accion-ambiental-comunitaria-baru.webp\" class=\"attachment-full size-full wp-image-3334\" alt=\"Acciones comunitarias de educaci\u00f3n ambiental y protecci\u00f3n de manglares, playas y ecosistemas en el territorio de Bar\u00fa\" srcset=\"https:\/\/nuevo.somosbaru.org\/wp-content\/uploads\/2026\/01\/proteccion-ecosistemas-accion-ambiental-comunitaria-baru.webp 563w, https:\/\/nuevo.somosbaru.org\/wp-content\/uploads\/2026\/01\/proteccion-ecosistemas-accion-ambiental-comunitaria-baru-300x272.webp 300w, https:\/\/nuevo.somosbaru.org\/wp-content\/uploads\/2026\/01\/proteccion-ecosistemas-accion-ambiental-comunitaria-baru-13x12.webp 13w\" sizes=\"(max-width: 563px) 100vw, 563px\" \/>\t\t\t\t\t\t\t\t\t\t\t\t\t\t\t<\/div>\n\t\t\t\t<\/div>\n\t\t\t\t\t<\/div>\n\t\t\t\t<\/div>\n\t\t\t\t<\/div>","protected":false},"excerpt":{"rendered":"<p>NUESTRA NATURALEZA Cuidamos el territorio de Bar\u00fa, protegiendo sus ecosistemas, sembrando conciencia ambiental y construyendo desarrollo sostenible A trav\u00e9s de nuestras acciones comunitarias, promovemos pr\u00e1cticas responsables que reducen el impacto ambiental y fortalecen el cuidado del entorno. Desarrollamos jornadas de limpieza, educaci\u00f3n ambiental y formaci\u00f3n en el manejo adecuado de residuos, involucrando a ni\u00f1os, j\u00f3venes [&hellip;]<\/p>\n","protected":false},"author":1,"featured_media":0,"parent":0,"menu_order":0,"comment_status":"closed","ping_status":"closed","template":"elementor_header_footer","meta":{"_acf_changed":false,"footnotes":""},"class_list":["post-1762","page","type-page","status-publish","hentry"],"acf":[],"_links":{"self":[{"href":"https:\/\/nuevo.somosbaru.org\/en\/wp-json\/wp\/v2\/pages\/1762","targetHints":{"allow":["GET"]}}],"collection":[{"href":"https:\/\/nuevo.somosbaru.org\/en\/wp-json\/wp\/v2\/pages"}],"about":[{"href":"https:\/\/nuevo.somosbaru.org\/en\/wp-json\/wp\/v2\/types\/page"}],"author":[{"embeddable":true,"href":"https:\/\/nuevo.somosbaru.org\/en\/wp-json\/wp\/v2\/users\/1"}],"replies":[{"embeddable":true,"href":"https:\/\/nuevo.somosbaru.org\/en\/wp-json\/wp\/v2\/comments?post=1762"}],"version-history":[{"count":28,"href":"https:\/\/nuevo.somosbaru.org\/en\/wp-json\/wp\/v2\/pages\/1762\/revisions"}],"predecessor-version":[{"id":3340,"href":"https:\/\/nuevo.somosbaru.org\/en\/wp-json\/wp\/v2\/pages\/1762\/revisions\/3340"}],"wp:attachment":[{"href":"https:\/\/nuevo.somosbaru.org\/en\/wp-json\/wp\/v2\/media?parent=1762"}],"curies":[{"name":"wp","href":"https:\/\/api.w.org\/{rel}","templated":true}]}}